{"id":39,"date":"2024-01-27T16:04:30","date_gmt":"2024-01-27T15:04:30","guid":{"rendered":"https:\/\/ma-mam.org\/?page_id=39"},"modified":"2026-02-13T14:09:19","modified_gmt":"2026-02-13T13:09:19","slug":"les-assistantes-maternelles","status":"publish","type":"page","link":"https:\/\/ma-mam.org\/index.php\/presentation-de-la-mam\/les-assistantes-maternelles\/","title":{"rendered":"Les Assistantes Maternelles"},"content":{"rendered":"\n<div class=\"wp-block-columns is-layout-flex wp-container-core-columns-is-layout-9d6595d7 wp-block-columns-is-layout-flex\">\n<div class=\"wp-block-column is-layout-flow wp-block-column-is-layout-flow\" style=\"flex-basis:100%\">\n<div class=\"wp-block-columns is-layout-flex wp-container-core-columns-is-layout-9d6595d7 wp-block-columns-is-layout-flex\">\n<div class=\"wp-block-column is-layout-flow wp-block-column-is-layout-flow\">\n<h2 class=\"wp-block-heading\">Vanessa<\/h2>\n<\/div>\n\n\n\n<div class=\"wp-block-column is-layout-flow wp-block-column-is-layout-flow\"><div class=\"wp-block-image\">\n<figure class=\"aligncenter size-full is-resized\"><img fetchpriority=\"high\" decoding=\"async\" width=\"2560\" height=\"1707\" src=\"https:\/\/ma-mam.org\/wp-content\/uploads\/2024\/02\/IMG_2981-scaled.jpg\" alt=\"\" class=\"wp-image-80\" style=\"width:235px;height:auto\" srcset=\"https:\/\/ma-mam.org\/wp-content\/uploads\/2024\/02\/IMG_2981-scaled.jpg 2560w, https:\/\/ma-mam.org\/wp-content\/uploads\/2024\/02\/IMG_2981-300x200.jpg 300w, https:\/\/ma-mam.org\/wp-content\/uploads\/2024\/02\/IMG_2981-1024x683.jpg 1024w, https:\/\/ma-mam.org\/wp-content\/uploads\/2024\/02\/IMG_2981-768x512.jpg 768w, https:\/\/ma-mam.org\/wp-content\/uploads\/2024\/02\/IMG_2981-1536x1024.jpg 1536w, https:\/\/ma-mam.org\/wp-content\/uploads\/2024\/02\/IMG_2981-2048x1365.jpg 2048w, https:\/\/ma-mam.org\/wp-content\/uploads\/2024\/02\/IMG_2981-1200x800.jpg 1200w\" sizes=\"(max-width: 2560px) 100vw, 2560px\" \/><\/figure>\n<\/div><\/div>\n<\/div>\n<\/div>\n<\/div>\n\n\n\n<blockquote class=\"wp-block-quote is-layout-flow wp-block-quote-is-layout-flow\">\n<p>M\u00e8re de trois enfants, je suis musicienne de formation puis reconvertie au m\u00e9tier d&rsquo;auxiliaire de pu\u00e9riculture en 2004.<\/p>\n\n\n\n<p>J&rsquo;ai \u00e9volu\u00e9 dans mon m\u00e9tier en travaillant dans diff\u00e9rentes structures<\/p>\n<\/blockquote>\n\n\n\n<div class=\"wp-block-columns is-layout-flex wp-container-core-columns-is-layout-9d6595d7 wp-block-columns-is-layout-flex\">\n<div class=\"wp-block-column is-layout-flow wp-block-column-is-layout-flow\">\n<h2 class=\"wp-block-heading\">Carole<\/h2>\n<\/div>\n\n\n\n<div class=\"wp-block-column is-layout-flow wp-block-column-is-layout-flow\"><div class=\"wp-block-image\">\n<figure class=\"aligncenter size-full is-resized\"><img decoding=\"async\" width=\"423\" height=\"499\" src=\"https:\/\/ma-mam.org\/wp-content\/uploads\/2024\/01\/Carole.png\" alt=\"\" class=\"wp-image-30\" style=\"width:159px;height:auto\" srcset=\"https:\/\/ma-mam.org\/wp-content\/uploads\/2024\/01\/Carole.png 423w, https:\/\/ma-mam.org\/wp-content\/uploads\/2024\/01\/Carole-254x300.png 254w\" sizes=\"(max-width: 423px) 100vw, 423px\" \/><\/figure>\n<\/div><\/div>\n<\/div>\n\n\n\n<blockquote class=\"wp-block-quote is-layout-flow wp-block-quote-is-layout-flow\">\n<p>M\u00e8re de trois enfants, j&rsquo;ai \u00e9t\u00e9 tr\u00e8s longtemps assistante commerciale, apr\u00e8s avoir cumul\u00e9 trois cong\u00e9s parentaux, je me suis progressivement tourn\u00e9e vers le m\u00e9tier d&rsquo;animatrice en cr\u00e8che en obtenant mon CAP petite enfance et en int\u00e9grant une cr\u00e8che en 2013, puis en devenant auxiliaire de pu\u00e9riculture en 2019.<\/p>\n<\/blockquote>\n\n\n<div class=\"wp-block-image\">\n<figure class=\"aligncenter size-full\"><img decoding=\"async\" width=\"630\" height=\"630\" src=\"https:\/\/ma-mam.org\/wp-content\/uploads\/2024\/01\/Vanessa-et-Carole-1966.jpg\" alt=\"\" class=\"wp-image-68\" srcset=\"https:\/\/ma-mam.org\/wp-content\/uploads\/2024\/01\/Vanessa-et-Carole-1966.jpg 630w, https:\/\/ma-mam.org\/wp-content\/uploads\/2024\/01\/Vanessa-et-Carole-1966-300x300.jpg 300w, https:\/\/ma-mam.org\/wp-content\/uploads\/2024\/01\/Vanessa-et-Carole-1966-150x150.jpg 150w\" sizes=\"(max-width: 630px) 100vw, 630px\" \/><\/figure>\n<\/div>\n\n\n<p>Nous nous sommes rencontr\u00e9es en 2013 dans le cadre professionnel et nous avons ador\u00e9 travailler ensemble.<\/p>\n\n\n\n<p>Durant plusieurs ann\u00e9es, en cr\u00e8che, nous avons aid\u00e9 \u00e0 faire grandir un bon nombre d&rsquo;enfants.<\/p>\n\n\n\n<figure class=\"wp-block-image size-full\"><img loading=\"lazy\" decoding=\"async\" width=\"2560\" height=\"1707\" src=\"https:\/\/ma-mam.org\/wp-content\/uploads\/2024\/01\/Vanessa-et-Carole-2024-scaled.jpg\" alt=\"\" class=\"wp-image-67\" srcset=\"https:\/\/ma-mam.org\/wp-content\/uploads\/2024\/01\/Vanessa-et-Carole-2024-scaled.jpg 2560w, https:\/\/ma-mam.org\/wp-content\/uploads\/2024\/01\/Vanessa-et-Carole-2024-300x200.jpg 300w, https:\/\/ma-mam.org\/wp-content\/uploads\/2024\/01\/Vanessa-et-Carole-2024-1024x683.jpg 1024w, https:\/\/ma-mam.org\/wp-content\/uploads\/2024\/01\/Vanessa-et-Carole-2024-768x512.jpg 768w, https:\/\/ma-mam.org\/wp-content\/uploads\/2024\/01\/Vanessa-et-Carole-2024-1536x1024.jpg 1536w, https:\/\/ma-mam.org\/wp-content\/uploads\/2024\/01\/Vanessa-et-Carole-2024-2048x1365.jpg 2048w, https:\/\/ma-mam.org\/wp-content\/uploads\/2024\/01\/Vanessa-et-Carole-2024-1200x800.jpg 1200w, https:\/\/ma-mam.org\/wp-content\/uploads\/2024\/01\/Vanessa-et-Carole-2024-1980x1320.jpg 1980w\" sizes=\"(max-width: 2560px) 100vw, 2560px\" \/><\/figure>\n\n\n\n<p>Maintenant nous souhaitons travailler dans ce m\u00eame \u00e9tat d&rsquo;esprit en travaillant pour nous m\u00eames.<\/p>\n","protected":false},"excerpt":{"rendered":"<p>Vanessa M\u00e8re de trois enfants, je suis musicienne de formation puis reconvertie au m\u00e9tier d&rsquo;auxiliaire de pu\u00e9riculture en 2004. J&rsquo;ai \u00e9volu\u00e9 dans mon m\u00e9tier en travaillant dans diff\u00e9rentes structures Carole M\u00e8re de trois enfants, j&rsquo;ai \u00e9t\u00e9 tr\u00e8s longtemps assistante commerciale, apr\u00e8s avoir cumul\u00e9 trois cong\u00e9s parentaux, je me suis progressivement tourn\u00e9e vers le m\u00e9tier d&rsquo;animatrice [&hellip;]<\/p>\n","protected":false},"author":1,"featured_media":0,"parent":28,"menu_order":0,"comment_status":"closed","ping_status":"closed","template":"","meta":{"footnotes":""},"class_list":["post-39","page","type-page","status-publish","hentry"],"yoast_head":"<!-- This site is optimized with the Yoast SEO plugin v27.3 - https:\/\/yoast.com\/product\/yoast-seo-wordpress\/ -->\n<title>Les Assistantes Maternelles - Ma&#039;Mam<\/title>\n<meta name=\"robots\" content=\"index, follow, max-snippet:-1, max-image-preview:large, max-video-preview:-1\" \/>\n<link rel=\"canonical\" href=\"https:\/\/ma-mam.org\/index.php\/presentation-de-la-mam\/les-assistantes-maternelles\/\" \/>\n<meta property=\"og:locale\" content=\"fr_FR\" \/>\n<meta property=\"og:type\" content=\"article\" \/>\n<meta property=\"og:title\" content=\"Les Assistantes Maternelles - Ma&#039;Mam\" \/>\n<meta property=\"og:description\" content=\"Vanessa M\u00e8re de trois enfants, je suis musicienne de formation puis reconvertie au m\u00e9tier d&rsquo;auxiliaire de pu\u00e9riculture en 2004. J&rsquo;ai \u00e9volu\u00e9 dans mon m\u00e9tier en travaillant dans diff\u00e9rentes structures Carole M\u00e8re de trois enfants, j&rsquo;ai \u00e9t\u00e9 tr\u00e8s longtemps assistante commerciale, apr\u00e8s avoir cumul\u00e9 trois cong\u00e9s parentaux, je me suis progressivement tourn\u00e9e vers le m\u00e9tier d&rsquo;animatrice [&hellip;]\" \/>\n<meta property=\"og:url\" content=\"https:\/\/ma-mam.org\/index.php\/presentation-de-la-mam\/les-assistantes-maternelles\/\" \/>\n<meta property=\"og:site_name\" content=\"Ma&#039;Mam\" \/>\n<meta property=\"article:publisher\" content=\"https:\/\/www.facebook.com\/profile.php?id=61557244432808\" \/>\n<meta property=\"article:modified_time\" content=\"2026-02-13T13:09:19+00:00\" \/>\n<meta property=\"og:image\" content=\"https:\/\/ma-mam.org\/wp-content\/uploads\/2024\/02\/IMG_2981-scaled.jpg\" \/>\n\t<meta property=\"og:image:width\" content=\"2560\" \/>\n\t<meta property=\"og:image:height\" content=\"1707\" \/>\n\t<meta property=\"og:image:type\" content=\"image\/jpeg\" \/>\n<meta name=\"twitter:card\" content=\"summary_large_image\" \/>\n<meta name=\"twitter:label1\" content=\"Dur\u00e9e de lecture estim\u00e9e\" \/>\n\t<meta name=\"twitter:data1\" content=\"2 minutes\" \/>\n<script type=\"application\/ld+json\" class=\"yoast-schema-graph\">{\"@context\":\"https:\\\/\\\/schema.org\",\"@graph\":[{\"@type\":\"WebPage\",\"@id\":\"https:\\\/\\\/ma-mam.org\\\/index.php\\\/presentation-de-la-mam\\\/les-assistantes-maternelles\\\/\",\"url\":\"https:\\\/\\\/ma-mam.org\\\/index.php\\\/presentation-de-la-mam\\\/les-assistantes-maternelles\\\/\",\"name\":\"Les Assistantes Maternelles - Ma&#039;Mam\",\"isPartOf\":{\"@id\":\"https:\\\/\\\/ma-mam.org\\\/#website\"},\"primaryImageOfPage\":{\"@id\":\"https:\\\/\\\/ma-mam.org\\\/index.php\\\/presentation-de-la-mam\\\/les-assistantes-maternelles\\\/#primaryimage\"},\"image\":{\"@id\":\"https:\\\/\\\/ma-mam.org\\\/index.php\\\/presentation-de-la-mam\\\/les-assistantes-maternelles\\\/#primaryimage\"},\"thumbnailUrl\":\"https:\\\/\\\/ma-mam.org\\\/wp-content\\\/uploads\\\/2024\\\/02\\\/IMG_2981-scaled.jpg\",\"datePublished\":\"2024-01-27T15:04:30+00:00\",\"dateModified\":\"2026-02-13T13:09:19+00:00\",\"breadcrumb\":{\"@id\":\"https:\\\/\\\/ma-mam.org\\\/index.php\\\/presentation-de-la-mam\\\/les-assistantes-maternelles\\\/#breadcrumb\"},\"inLanguage\":\"fr-FR\",\"potentialAction\":[{\"@type\":\"ReadAction\",\"target\":[\"https:\\\/\\\/ma-mam.org\\\/index.php\\\/presentation-de-la-mam\\\/les-assistantes-maternelles\\\/\"]}]},{\"@type\":\"ImageObject\",\"inLanguage\":\"fr-FR\",\"@id\":\"https:\\\/\\\/ma-mam.org\\\/index.php\\\/presentation-de-la-mam\\\/les-assistantes-maternelles\\\/#primaryimage\",\"url\":\"https:\\\/\\\/ma-mam.org\\\/wp-content\\\/uploads\\\/2024\\\/02\\\/IMG_2981-scaled.jpg\",\"contentUrl\":\"https:\\\/\\\/ma-mam.org\\\/wp-content\\\/uploads\\\/2024\\\/02\\\/IMG_2981-scaled.jpg\",\"width\":2560,\"height\":1707},{\"@type\":\"BreadcrumbList\",\"@id\":\"https:\\\/\\\/ma-mam.org\\\/index.php\\\/presentation-de-la-mam\\\/les-assistantes-maternelles\\\/#breadcrumb\",\"itemListElement\":[{\"@type\":\"ListItem\",\"position\":1,\"name\":\"Accueil\",\"item\":\"https:\\\/\\\/ma-mam.org\\\/\"},{\"@type\":\"ListItem\",\"position\":2,\"name\":\"Pr\u00e9sentation de la MAM\",\"item\":\"https:\\\/\\\/ma-mam.org\\\/index.php\\\/presentation-de-la-mam\\\/\"},{\"@type\":\"ListItem\",\"position\":3,\"name\":\"Les Assistantes Maternelles\"}]},{\"@type\":\"WebSite\",\"@id\":\"https:\\\/\\\/ma-mam.org\\\/#website\",\"url\":\"https:\\\/\\\/ma-mam.org\\\/\",\"name\":\"Ma'Mam\",\"description\":\"Maison d&#039;Assistantes Maternelles\",\"publisher\":{\"@id\":\"https:\\\/\\\/ma-mam.org\\\/#organization\"},\"potentialAction\":[{\"@type\":\"SearchAction\",\"target\":{\"@type\":\"EntryPoint\",\"urlTemplate\":\"https:\\\/\\\/ma-mam.org\\\/?s={search_term_string}\"},\"query-input\":{\"@type\":\"PropertyValueSpecification\",\"valueRequired\":true,\"valueName\":\"search_term_string\"}}],\"inLanguage\":\"fr-FR\"},{\"@type\":\"Organization\",\"@id\":\"https:\\\/\\\/ma-mam.org\\\/#organization\",\"name\":\"Ma'Mam\",\"url\":\"https:\\\/\\\/ma-mam.org\\\/\",\"logo\":{\"@type\":\"ImageObject\",\"inLanguage\":\"fr-FR\",\"@id\":\"https:\\\/\\\/ma-mam.org\\\/#\\\/schema\\\/logo\\\/image\\\/\",\"url\":\"https:\\\/\\\/ma-mam.org\\\/wp-content\\\/uploads\\\/2024\\\/02\\\/cropped-Logo.transparent_final.png\",\"contentUrl\":\"https:\\\/\\\/ma-mam.org\\\/wp-content\\\/uploads\\\/2024\\\/02\\\/cropped-Logo.transparent_final.png\",\"width\":2048,\"height\":2048,\"caption\":\"Ma'Mam\"},\"image\":{\"@id\":\"https:\\\/\\\/ma-mam.org\\\/#\\\/schema\\\/logo\\\/image\\\/\"},\"sameAs\":[\"https:\\\/\\\/www.facebook.com\\\/profile.php?id=61557244432808\"]}]}<\/script>\n<!-- \/ Yoast SEO plugin. -->","yoast_head_json":{"title":"Les Assistantes Maternelles - Ma&#039;Mam","robots":{"index":"index","follow":"follow","max-snippet":"max-snippet:-1","max-image-preview":"max-image-preview:large","max-video-preview":"max-video-preview:-1"},"canonical":"https:\/\/ma-mam.org\/index.php\/presentation-de-la-mam\/les-assistantes-maternelles\/","og_locale":"fr_FR","og_type":"article","og_title":"Les Assistantes Maternelles - Ma&#039;Mam","og_description":"Vanessa M\u00e8re de trois enfants, je suis musicienne de formation puis reconvertie au m\u00e9tier d&rsquo;auxiliaire de pu\u00e9riculture en 2004. J&rsquo;ai \u00e9volu\u00e9 dans mon m\u00e9tier en travaillant dans diff\u00e9rentes structures Carole M\u00e8re de trois enfants, j&rsquo;ai \u00e9t\u00e9 tr\u00e8s longtemps assistante commerciale, apr\u00e8s avoir cumul\u00e9 trois cong\u00e9s parentaux, je me suis progressivement tourn\u00e9e vers le m\u00e9tier d&rsquo;animatrice [&hellip;]","og_url":"https:\/\/ma-mam.org\/index.php\/presentation-de-la-mam\/les-assistantes-maternelles\/","og_site_name":"Ma&#039;Mam","article_publisher":"https:\/\/www.facebook.com\/profile.php?id=61557244432808","article_modified_time":"2026-02-13T13:09:19+00:00","og_image":[{"width":2560,"height":1707,"url":"https:\/\/ma-mam.org\/wp-content\/uploads\/2024\/02\/IMG_2981-scaled.jpg","type":"image\/jpeg"}],"twitter_card":"summary_large_image","twitter_misc":{"Dur\u00e9e de lecture estim\u00e9e":"2 minutes"},"schema":{"@context":"https:\/\/schema.org","@graph":[{"@type":"WebPage","@id":"https:\/\/ma-mam.org\/index.php\/presentation-de-la-mam\/les-assistantes-maternelles\/","url":"https:\/\/ma-mam.org\/index.php\/presentation-de-la-mam\/les-assistantes-maternelles\/","name":"Les Assistantes Maternelles - Ma&#039;Mam","isPartOf":{"@id":"https:\/\/ma-mam.org\/#website"},"primaryImageOfPage":{"@id":"https:\/\/ma-mam.org\/index.php\/presentation-de-la-mam\/les-assistantes-maternelles\/#primaryimage"},"image":{"@id":"https:\/\/ma-mam.org\/index.php\/presentation-de-la-mam\/les-assistantes-maternelles\/#primaryimage"},"thumbnailUrl":"https:\/\/ma-mam.org\/wp-content\/uploads\/2024\/02\/IMG_2981-scaled.jpg","datePublished":"2024-01-27T15:04:30+00:00","dateModified":"2026-02-13T13:09:19+00:00","breadcrumb":{"@id":"https:\/\/ma-mam.org\/index.php\/presentation-de-la-mam\/les-assistantes-maternelles\/#breadcrumb"},"inLanguage":"fr-FR","potentialAction":[{"@type":"ReadAction","target":["https:\/\/ma-mam.org\/index.php\/presentation-de-la-mam\/les-assistantes-maternelles\/"]}]},{"@type":"ImageObject","inLanguage":"fr-FR","@id":"https:\/\/ma-mam.org\/index.php\/presentation-de-la-mam\/les-assistantes-maternelles\/#primaryimage","url":"https:\/\/ma-mam.org\/wp-content\/uploads\/2024\/02\/IMG_2981-scaled.jpg","contentUrl":"https:\/\/ma-mam.org\/wp-content\/uploads\/2024\/02\/IMG_2981-scaled.jpg","width":2560,"height":1707},{"@type":"BreadcrumbList","@id":"https:\/\/ma-mam.org\/index.php\/presentation-de-la-mam\/les-assistantes-maternelles\/#breadcrumb","itemListElement":[{"@type":"ListItem","position":1,"name":"Accueil","item":"https:\/\/ma-mam.org\/"},{"@type":"ListItem","position":2,"name":"Pr\u00e9sentation de la MAM","item":"https:\/\/ma-mam.org\/index.php\/presentation-de-la-mam\/"},{"@type":"ListItem","position":3,"name":"Les Assistantes Maternelles"}]},{"@type":"WebSite","@id":"https:\/\/ma-mam.org\/#website","url":"https:\/\/ma-mam.org\/","name":"Ma'Mam","description":"Maison d&#039;Assistantes Maternelles","publisher":{"@id":"https:\/\/ma-mam.org\/#organization"},"potentialAction":[{"@type":"SearchAction","target":{"@type":"EntryPoint","urlTemplate":"https:\/\/ma-mam.org\/?s={search_term_string}"},"query-input":{"@type":"PropertyValueSpecification","valueRequired":true,"valueName":"search_term_string"}}],"inLanguage":"fr-FR"},{"@type":"Organization","@id":"https:\/\/ma-mam.org\/#organization","name":"Ma'Mam","url":"https:\/\/ma-mam.org\/","logo":{"@type":"ImageObject","inLanguage":"fr-FR","@id":"https:\/\/ma-mam.org\/#\/schema\/logo\/image\/","url":"https:\/\/ma-mam.org\/wp-content\/uploads\/2024\/02\/cropped-Logo.transparent_final.png","contentUrl":"https:\/\/ma-mam.org\/wp-content\/uploads\/2024\/02\/cropped-Logo.transparent_final.png","width":2048,"height":2048,"caption":"Ma'Mam"},"image":{"@id":"https:\/\/ma-mam.org\/#\/schema\/logo\/image\/"},"sameAs":["https:\/\/www.facebook.com\/profile.php?id=61557244432808"]}]}},"_links":{"self":[{"href":"https:\/\/ma-mam.org\/index.php\/wp-json\/wp\/v2\/pages\/39","targetHints":{"allow":["GET"]}}],"collection":[{"href":"https:\/\/ma-mam.org\/index.php\/wp-json\/wp\/v2\/pages"}],"about":[{"href":"https:\/\/ma-mam.org\/index.php\/wp-json\/wp\/v2\/types\/page"}],"author":[{"embeddable":true,"href":"https:\/\/ma-mam.org\/index.php\/wp-json\/wp\/v2\/users\/1"}],"replies":[{"embeddable":true,"href":"https:\/\/ma-mam.org\/index.php\/wp-json\/wp\/v2\/comments?post=39"}],"version-history":[{"count":8,"href":"https:\/\/ma-mam.org\/index.php\/wp-json\/wp\/v2\/pages\/39\/revisions"}],"predecessor-version":[{"id":158,"href":"https:\/\/ma-mam.org\/index.php\/wp-json\/wp\/v2\/pages\/39\/revisions\/158"}],"up":[{"embeddable":true,"href":"https:\/\/ma-mam.org\/index.php\/wp-json\/wp\/v2\/pages\/28"}],"wp:attachment":[{"href":"https:\/\/ma-mam.org\/index.php\/wp-json\/wp\/v2\/media?parent=39"}],"curies":[{"name":"wp","href":"https:\/\/api.w.org\/{rel}","templated":true}]}}