{"id":299,"date":"2026-02-13T14:14:40","date_gmt":"2026-02-13T13:14:40","guid":{"rendered":"https:\/\/ma-mam.org\/?page_id=299"},"modified":"2026-02-13T15:24:32","modified_gmt":"2026-02-13T14:24:32","slug":"repas-des-bebes-mixes","status":"publish","type":"page","link":"https:\/\/ma-mam.org\/index.php\/nos-menus\/repas-des-bebes-mixes\/","title":{"rendered":"Repas des b\u00e9b\u00e9s (mix\u00e9s)"},"content":{"rendered":"\n<figure class=\"wp-block-gallery has-nested-images columns-default is-cropped wp-block-gallery-1 is-layout-flex wp-block-gallery-is-layout-flex\">\n<figure class=\"wp-block-image size-large\"><img fetchpriority=\"high\" decoding=\"async\" width=\"768\" height=\"1024\" data-id=\"339\" src=\"https:\/\/ma-mam.org\/wp-content\/uploads\/2026\/02\/20260202_113950-768x1024.jpg\" alt=\"Repas des b\u00e9b\u00e9s\" class=\"wp-image-339\" srcset=\"https:\/\/ma-mam.org\/wp-content\/uploads\/2026\/02\/20260202_113950-768x1024.jpg 768w, https:\/\/ma-mam.org\/wp-content\/uploads\/2026\/02\/20260202_113950-225x300.jpg 225w, https:\/\/ma-mam.org\/wp-content\/uploads\/2026\/02\/20260202_113950-1152x1536.jpg 1152w, https:\/\/ma-mam.org\/wp-content\/uploads\/2026\/02\/20260202_113950-1536x2048.jpg 1536w, https:\/\/ma-mam.org\/wp-content\/uploads\/2026\/02\/20260202_113950-1200x1600.jpg 1200w, https:\/\/ma-mam.org\/wp-content\/uploads\/2026\/02\/20260202_113950-1980x2640.jpg 1980w, https:\/\/ma-mam.org\/wp-content\/uploads\/2026\/02\/20260202_113950-scaled.jpg 1920w\" sizes=\"(max-width: 768px) 100vw, 768px\" \/><\/figure>\n\n\n\n<figure class=\"wp-block-image size-large\"><img decoding=\"async\" width=\"768\" height=\"1024\" data-id=\"338\" src=\"https:\/\/ma-mam.org\/wp-content\/uploads\/2026\/02\/20260203_112455-768x1024.jpg\" alt=\"Repas des b\u00e9b\u00e9s\" class=\"wp-image-338\" srcset=\"https:\/\/ma-mam.org\/wp-content\/uploads\/2026\/02\/20260203_112455-768x1024.jpg 768w, https:\/\/ma-mam.org\/wp-content\/uploads\/2026\/02\/20260203_112455-225x300.jpg 225w, https:\/\/ma-mam.org\/wp-content\/uploads\/2026\/02\/20260203_112455-1152x1536.jpg 1152w, https:\/\/ma-mam.org\/wp-content\/uploads\/2026\/02\/20260203_112455-1536x2048.jpg 1536w, https:\/\/ma-mam.org\/wp-content\/uploads\/2026\/02\/20260203_112455-1200x1600.jpg 1200w, https:\/\/ma-mam.org\/wp-content\/uploads\/2026\/02\/20260203_112455-1980x2640.jpg 1980w, https:\/\/ma-mam.org\/wp-content\/uploads\/2026\/02\/20260203_112455-scaled.jpg 1920w\" sizes=\"(max-width: 768px) 100vw, 768px\" \/><\/figure>\n\n\n\n<figure class=\"wp-block-image size-large\"><img decoding=\"async\" width=\"1024\" height=\"768\" data-id=\"337\" src=\"https:\/\/ma-mam.org\/wp-content\/uploads\/2026\/02\/20260205_111643-1024x768.jpg\" alt=\"Repas des b\u00e9b\u00e9s\" class=\"wp-image-337\" srcset=\"https:\/\/ma-mam.org\/wp-content\/uploads\/2026\/02\/20260205_111643-1024x768.jpg 1024w, https:\/\/ma-mam.org\/wp-content\/uploads\/2026\/02\/20260205_111643-300x225.jpg 300w, https:\/\/ma-mam.org\/wp-content\/uploads\/2026\/02\/20260205_111643-768x576.jpg 768w, https:\/\/ma-mam.org\/wp-content\/uploads\/2026\/02\/20260205_111643-1536x1152.jpg 1536w, https:\/\/ma-mam.org\/wp-content\/uploads\/2026\/02\/20260205_111643-2048x1536.jpg 2048w, https:\/\/ma-mam.org\/wp-content\/uploads\/2026\/02\/20260205_111643-1200x900.jpg 1200w, https:\/\/ma-mam.org\/wp-content\/uploads\/2026\/02\/20260205_111643-1980x1485.jpg 1980w\" sizes=\"(max-width: 1024px) 100vw, 1024px\" \/><\/figure>\n\n\n\n<figure class=\"wp-block-image size-large\"><img loading=\"lazy\" decoding=\"async\" width=\"1024\" height=\"768\" data-id=\"336\" src=\"https:\/\/ma-mam.org\/wp-content\/uploads\/2026\/02\/20260210_130537-1024x768.jpg\" alt=\"Repas des b\u00e9b\u00e9s\" class=\"wp-image-336\" srcset=\"https:\/\/ma-mam.org\/wp-content\/uploads\/2026\/02\/20260210_130537-1024x768.jpg 1024w, https:\/\/ma-mam.org\/wp-content\/uploads\/2026\/02\/20260210_130537-300x225.jpg 300w, https:\/\/ma-mam.org\/wp-content\/uploads\/2026\/02\/20260210_130537-768x576.jpg 768w, https:\/\/ma-mam.org\/wp-content\/uploads\/2026\/02\/20260210_130537-1536x1152.jpg 1536w, https:\/\/ma-mam.org\/wp-content\/uploads\/2026\/02\/20260210_130537-2048x1536.jpg 2048w, https:\/\/ma-mam.org\/wp-content\/uploads\/2026\/02\/20260210_130537-1200x900.jpg 1200w, https:\/\/ma-mam.org\/wp-content\/uploads\/2026\/02\/20260210_130537-1980x1485.jpg 1980w\" sizes=\"(max-width: 1024px) 100vw, 1024px\" \/><\/figure>\n\n\n\n<figure class=\"wp-block-image size-large\"><img loading=\"lazy\" decoding=\"async\" width=\"1024\" height=\"768\" data-id=\"335\" src=\"https:\/\/ma-mam.org\/wp-content\/uploads\/2026\/02\/20260205_135914-1024x768.jpg\" alt=\"Repas des b\u00e9b\u00e9s\" class=\"wp-image-335\" srcset=\"https:\/\/ma-mam.org\/wp-content\/uploads\/2026\/02\/20260205_135914-1024x768.jpg 1024w, https:\/\/ma-mam.org\/wp-content\/uploads\/2026\/02\/20260205_135914-300x225.jpg 300w, https:\/\/ma-mam.org\/wp-content\/uploads\/2026\/02\/20260205_135914-768x576.jpg 768w, https:\/\/ma-mam.org\/wp-content\/uploads\/2026\/02\/20260205_135914-1536x1152.jpg 1536w, https:\/\/ma-mam.org\/wp-content\/uploads\/2026\/02\/20260205_135914-2048x1536.jpg 2048w, https:\/\/ma-mam.org\/wp-content\/uploads\/2026\/02\/20260205_135914-1200x900.jpg 1200w, https:\/\/ma-mam.org\/wp-content\/uploads\/2026\/02\/20260205_135914-1980x1485.jpg 1980w\" sizes=\"(max-width: 1024px) 100vw, 1024px\" \/><\/figure>\n\n\n\n<figure class=\"wp-block-image size-large\"><img loading=\"lazy\" decoding=\"async\" width=\"1024\" height=\"768\" data-id=\"334\" src=\"https:\/\/ma-mam.org\/wp-content\/uploads\/2026\/02\/20260209_120641-1024x768.jpg\" alt=\"Repas des b\u00e9b\u00e9s\" class=\"wp-image-334\" srcset=\"https:\/\/ma-mam.org\/wp-content\/uploads\/2026\/02\/20260209_120641-1024x768.jpg 1024w, https:\/\/ma-mam.org\/wp-content\/uploads\/2026\/02\/20260209_120641-300x225.jpg 300w, https:\/\/ma-mam.org\/wp-content\/uploads\/2026\/02\/20260209_120641-768x576.jpg 768w, https:\/\/ma-mam.org\/wp-content\/uploads\/2026\/02\/20260209_120641-1536x1152.jpg 1536w, https:\/\/ma-mam.org\/wp-content\/uploads\/2026\/02\/20260209_120641-2048x1536.jpg 2048w, https:\/\/ma-mam.org\/wp-content\/uploads\/2026\/02\/20260209_120641-1200x900.jpg 1200w, https:\/\/ma-mam.org\/wp-content\/uploads\/2026\/02\/20260209_120641-1980x1485.jpg 1980w\" sizes=\"(max-width: 1024px) 100vw, 1024px\" \/><\/figure>\n\n\n\n<figure class=\"wp-block-image size-large\"><img loading=\"lazy\" decoding=\"async\" width=\"1024\" height=\"768\" data-id=\"333\" src=\"https:\/\/ma-mam.org\/wp-content\/uploads\/2026\/02\/20260206_110248-1024x768.jpg\" alt=\"Repas des b\u00e9b\u00e9s\" class=\"wp-image-333\" srcset=\"https:\/\/ma-mam.org\/wp-content\/uploads\/2026\/02\/20260206_110248-1024x768.jpg 1024w, https:\/\/ma-mam.org\/wp-content\/uploads\/2026\/02\/20260206_110248-300x225.jpg 300w, https:\/\/ma-mam.org\/wp-content\/uploads\/2026\/02\/20260206_110248-768x576.jpg 768w, https:\/\/ma-mam.org\/wp-content\/uploads\/2026\/02\/20260206_110248-1536x1152.jpg 1536w, https:\/\/ma-mam.org\/wp-content\/uploads\/2026\/02\/20260206_110248-2048x1536.jpg 2048w, https:\/\/ma-mam.org\/wp-content\/uploads\/2026\/02\/20260206_110248-1200x900.jpg 1200w, https:\/\/ma-mam.org\/wp-content\/uploads\/2026\/02\/20260206_110248-1980x1485.jpg 1980w\" sizes=\"(max-width: 1024px) 100vw, 1024px\" \/><\/figure>\n\n\n\n<figure class=\"wp-block-image size-large\"><img loading=\"lazy\" decoding=\"async\" width=\"1024\" height=\"768\" data-id=\"332\" src=\"https:\/\/ma-mam.org\/wp-content\/uploads\/2026\/02\/20260129_111048-1024x768.jpg\" alt=\"Repas des b\u00e9b\u00e9s\" class=\"wp-image-332\" srcset=\"https:\/\/ma-mam.org\/wp-content\/uploads\/2026\/02\/20260129_111048-1024x768.jpg 1024w, https:\/\/ma-mam.org\/wp-content\/uploads\/2026\/02\/20260129_111048-300x225.jpg 300w, https:\/\/ma-mam.org\/wp-content\/uploads\/2026\/02\/20260129_111048-768x576.jpg 768w, https:\/\/ma-mam.org\/wp-content\/uploads\/2026\/02\/20260129_111048-1536x1152.jpg 1536w, https:\/\/ma-mam.org\/wp-content\/uploads\/2026\/02\/20260129_111048-2048x1536.jpg 2048w, https:\/\/ma-mam.org\/wp-content\/uploads\/2026\/02\/20260129_111048-1200x900.jpg 1200w, https:\/\/ma-mam.org\/wp-content\/uploads\/2026\/02\/20260129_111048-1980x1485.jpg 1980w\" sizes=\"(max-width: 1024px) 100vw, 1024px\" \/><\/figure>\n\n\n\n<figure class=\"wp-block-image size-large\"><img loading=\"lazy\" decoding=\"async\" width=\"1024\" height=\"768\" data-id=\"331\" src=\"https:\/\/ma-mam.org\/wp-content\/uploads\/2026\/02\/20260202_110640-1024x768.jpg\" alt=\"Repas des b\u00e9b\u00e9s\" class=\"wp-image-331\" srcset=\"https:\/\/ma-mam.org\/wp-content\/uploads\/2026\/02\/20260202_110640-1024x768.jpg 1024w, https:\/\/ma-mam.org\/wp-content\/uploads\/2026\/02\/20260202_110640-300x225.jpg 300w, https:\/\/ma-mam.org\/wp-content\/uploads\/2026\/02\/20260202_110640-768x576.jpg 768w, https:\/\/ma-mam.org\/wp-content\/uploads\/2026\/02\/20260202_110640-1536x1152.jpg 1536w, https:\/\/ma-mam.org\/wp-content\/uploads\/2026\/02\/20260202_110640-2048x1536.jpg 2048w, https:\/\/ma-mam.org\/wp-content\/uploads\/2026\/02\/20260202_110640-1200x900.jpg 1200w, https:\/\/ma-mam.org\/wp-content\/uploads\/2026\/02\/20260202_110640-1980x1485.jpg 1980w\" sizes=\"(max-width: 1024px) 100vw, 1024px\" \/><\/figure>\n<\/figure>\n","protected":false},"excerpt":{"rendered":"","protected":false},"author":1,"featured_media":0,"parent":287,"menu_order":0,"comment_status":"closed","ping_status":"closed","template":"","meta":{"footnotes":""},"class_list":["post-299","page","type-page","status-publish","hentry"],"yoast_head":"<!-- This site is optimized with the Yoast SEO plugin v27.3 - https:\/\/yoast.com\/product\/yoast-seo-wordpress\/ -->\n<title>Repas des b\u00e9b\u00e9s (mix\u00e9s) - Ma&#039;Mam<\/title>\n<meta name=\"robots\" content=\"index, follow, max-snippet:-1, max-image-preview:large, max-video-preview:-1\" \/>\n<link rel=\"canonical\" href=\"https:\/\/ma-mam.org\/index.php\/nos-menus\/repas-des-bebes-mixes\/\" \/>\n<meta property=\"og:locale\" content=\"fr_FR\" \/>\n<meta property=\"og:type\" content=\"article\" \/>\n<meta property=\"og:title\" content=\"Repas des b\u00e9b\u00e9s (mix\u00e9s) - Ma&#039;Mam\" \/>\n<meta property=\"og:url\" content=\"https:\/\/ma-mam.org\/index.php\/nos-menus\/repas-des-bebes-mixes\/\" \/>\n<meta property=\"og:site_name\" content=\"Ma&#039;Mam\" \/>\n<meta property=\"article:publisher\" content=\"https:\/\/www.facebook.com\/profile.php?id=61557244432808\" \/>\n<meta property=\"article:modified_time\" content=\"2026-02-13T14:24:32+00:00\" \/>\n<meta property=\"og:image\" content=\"https:\/\/ma-mam.org\/wp-content\/uploads\/2026\/02\/20260202_113950-scaled.jpg\" \/>\n\t<meta property=\"og:image:width\" content=\"1920\" \/>\n\t<meta property=\"og:image:height\" content=\"2560\" \/>\n\t<meta property=\"og:image:type\" content=\"image\/jpeg\" \/>\n<meta name=\"twitter:card\" content=\"summary_large_image\" \/>\n<meta name=\"twitter:label1\" content=\"Dur\u00e9e de lecture estim\u00e9e\" \/>\n\t<meta name=\"twitter:data1\" content=\"2 minutes\" \/>\n<script type=\"application\/ld+json\" class=\"yoast-schema-graph\">{\"@context\":\"https:\\\/\\\/schema.org\",\"@graph\":[{\"@type\":\"WebPage\",\"@id\":\"https:\\\/\\\/ma-mam.org\\\/index.php\\\/nos-menus\\\/repas-des-bebes-mixes\\\/\",\"url\":\"https:\\\/\\\/ma-mam.org\\\/index.php\\\/nos-menus\\\/repas-des-bebes-mixes\\\/\",\"name\":\"Repas des b\u00e9b\u00e9s (mix\u00e9s) - Ma&#039;Mam\",\"isPartOf\":{\"@id\":\"https:\\\/\\\/ma-mam.org\\\/#website\"},\"primaryImageOfPage\":{\"@id\":\"https:\\\/\\\/ma-mam.org\\\/index.php\\\/nos-menus\\\/repas-des-bebes-mixes\\\/#primaryimage\"},\"image\":{\"@id\":\"https:\\\/\\\/ma-mam.org\\\/index.php\\\/nos-menus\\\/repas-des-bebes-mixes\\\/#primaryimage\"},\"thumbnailUrl\":\"https:\\\/\\\/ma-mam.org\\\/wp-content\\\/uploads\\\/2026\\\/02\\\/20260202_113950-768x1024.jpg\",\"datePublished\":\"2026-02-13T13:14:40+00:00\",\"dateModified\":\"2026-02-13T14:24:32+00:00\",\"breadcrumb\":{\"@id\":\"https:\\\/\\\/ma-mam.org\\\/index.php\\\/nos-menus\\\/repas-des-bebes-mixes\\\/#breadcrumb\"},\"inLanguage\":\"fr-FR\",\"potentialAction\":[{\"@type\":\"ReadAction\",\"target\":[\"https:\\\/\\\/ma-mam.org\\\/index.php\\\/nos-menus\\\/repas-des-bebes-mixes\\\/\"]}]},{\"@type\":\"ImageObject\",\"inLanguage\":\"fr-FR\",\"@id\":\"https:\\\/\\\/ma-mam.org\\\/index.php\\\/nos-menus\\\/repas-des-bebes-mixes\\\/#primaryimage\",\"url\":\"https:\\\/\\\/ma-mam.org\\\/wp-content\\\/uploads\\\/2026\\\/02\\\/20260202_113950-scaled.jpg\",\"contentUrl\":\"https:\\\/\\\/ma-mam.org\\\/wp-content\\\/uploads\\\/2026\\\/02\\\/20260202_113950-scaled.jpg\",\"width\":1920,\"height\":2560,\"caption\":\"Repas des b\u00e9b\u00e9s\"},{\"@type\":\"BreadcrumbList\",\"@id\":\"https:\\\/\\\/ma-mam.org\\\/index.php\\\/nos-menus\\\/repas-des-bebes-mixes\\\/#breadcrumb\",\"itemListElement\":[{\"@type\":\"ListItem\",\"position\":1,\"name\":\"Accueil\",\"item\":\"https:\\\/\\\/ma-mam.org\\\/\"},{\"@type\":\"ListItem\",\"position\":2,\"name\":\"Nos Menus\",\"item\":\"https:\\\/\\\/ma-mam.org\\\/index.php\\\/nos-menus\\\/\"},{\"@type\":\"ListItem\",\"position\":3,\"name\":\"Repas des b\u00e9b\u00e9s (mix\u00e9s)\"}]},{\"@type\":\"WebSite\",\"@id\":\"https:\\\/\\\/ma-mam.org\\\/#website\",\"url\":\"https:\\\/\\\/ma-mam.org\\\/\",\"name\":\"Ma'Mam\",\"description\":\"Maison d&#039;Assistantes Maternelles\",\"publisher\":{\"@id\":\"https:\\\/\\\/ma-mam.org\\\/#organization\"},\"potentialAction\":[{\"@type\":\"SearchAction\",\"target\":{\"@type\":\"EntryPoint\",\"urlTemplate\":\"https:\\\/\\\/ma-mam.org\\\/?s={search_term_string}\"},\"query-input\":{\"@type\":\"PropertyValueSpecification\",\"valueRequired\":true,\"valueName\":\"search_term_string\"}}],\"inLanguage\":\"fr-FR\"},{\"@type\":\"Organization\",\"@id\":\"https:\\\/\\\/ma-mam.org\\\/#organization\",\"name\":\"Ma'Mam\",\"url\":\"https:\\\/\\\/ma-mam.org\\\/\",\"logo\":{\"@type\":\"ImageObject\",\"inLanguage\":\"fr-FR\",\"@id\":\"https:\\\/\\\/ma-mam.org\\\/#\\\/schema\\\/logo\\\/image\\\/\",\"url\":\"https:\\\/\\\/ma-mam.org\\\/wp-content\\\/uploads\\\/2024\\\/02\\\/cropped-Logo.transparent_final.png\",\"contentUrl\":\"https:\\\/\\\/ma-mam.org\\\/wp-content\\\/uploads\\\/2024\\\/02\\\/cropped-Logo.transparent_final.png\",\"width\":2048,\"height\":2048,\"caption\":\"Ma'Mam\"},\"image\":{\"@id\":\"https:\\\/\\\/ma-mam.org\\\/#\\\/schema\\\/logo\\\/image\\\/\"},\"sameAs\":[\"https:\\\/\\\/www.facebook.com\\\/profile.php?id=61557244432808\"]}]}<\/script>\n<!-- \/ Yoast SEO plugin. -->","yoast_head_json":{"title":"Repas des b\u00e9b\u00e9s (mix\u00e9s) - Ma&#039;Mam","robots":{"index":"index","follow":"follow","max-snippet":"max-snippet:-1","max-image-preview":"max-image-preview:large","max-video-preview":"max-video-preview:-1"},"canonical":"https:\/\/ma-mam.org\/index.php\/nos-menus\/repas-des-bebes-mixes\/","og_locale":"fr_FR","og_type":"article","og_title":"Repas des b\u00e9b\u00e9s (mix\u00e9s) - Ma&#039;Mam","og_url":"https:\/\/ma-mam.org\/index.php\/nos-menus\/repas-des-bebes-mixes\/","og_site_name":"Ma&#039;Mam","article_publisher":"https:\/\/www.facebook.com\/profile.php?id=61557244432808","article_modified_time":"2026-02-13T14:24:32+00:00","og_image":[{"width":1920,"height":2560,"url":"https:\/\/ma-mam.org\/wp-content\/uploads\/2026\/02\/20260202_113950-scaled.jpg","type":"image\/jpeg"}],"twitter_card":"summary_large_image","twitter_misc":{"Dur\u00e9e de lecture estim\u00e9e":"2 minutes"},"schema":{"@context":"https:\/\/schema.org","@graph":[{"@type":"WebPage","@id":"https:\/\/ma-mam.org\/index.php\/nos-menus\/repas-des-bebes-mixes\/","url":"https:\/\/ma-mam.org\/index.php\/nos-menus\/repas-des-bebes-mixes\/","name":"Repas des b\u00e9b\u00e9s (mix\u00e9s) - Ma&#039;Mam","isPartOf":{"@id":"https:\/\/ma-mam.org\/#website"},"primaryImageOfPage":{"@id":"https:\/\/ma-mam.org\/index.php\/nos-menus\/repas-des-bebes-mixes\/#primaryimage"},"image":{"@id":"https:\/\/ma-mam.org\/index.php\/nos-menus\/repas-des-bebes-mixes\/#primaryimage"},"thumbnailUrl":"https:\/\/ma-mam.org\/wp-content\/uploads\/2026\/02\/20260202_113950-768x1024.jpg","datePublished":"2026-02-13T13:14:40+00:00","dateModified":"2026-02-13T14:24:32+00:00","breadcrumb":{"@id":"https:\/\/ma-mam.org\/index.php\/nos-menus\/repas-des-bebes-mixes\/#breadcrumb"},"inLanguage":"fr-FR","potentialAction":[{"@type":"ReadAction","target":["https:\/\/ma-mam.org\/index.php\/nos-menus\/repas-des-bebes-mixes\/"]}]},{"@type":"ImageObject","inLanguage":"fr-FR","@id":"https:\/\/ma-mam.org\/index.php\/nos-menus\/repas-des-bebes-mixes\/#primaryimage","url":"https:\/\/ma-mam.org\/wp-content\/uploads\/2026\/02\/20260202_113950-scaled.jpg","contentUrl":"https:\/\/ma-mam.org\/wp-content\/uploads\/2026\/02\/20260202_113950-scaled.jpg","width":1920,"height":2560,"caption":"Repas des b\u00e9b\u00e9s"},{"@type":"BreadcrumbList","@id":"https:\/\/ma-mam.org\/index.php\/nos-menus\/repas-des-bebes-mixes\/#breadcrumb","itemListElement":[{"@type":"ListItem","position":1,"name":"Accueil","item":"https:\/\/ma-mam.org\/"},{"@type":"ListItem","position":2,"name":"Nos Menus","item":"https:\/\/ma-mam.org\/index.php\/nos-menus\/"},{"@type":"ListItem","position":3,"name":"Repas des b\u00e9b\u00e9s (mix\u00e9s)"}]},{"@type":"WebSite","@id":"https:\/\/ma-mam.org\/#website","url":"https:\/\/ma-mam.org\/","name":"Ma'Mam","description":"Maison d&#039;Assistantes Maternelles","publisher":{"@id":"https:\/\/ma-mam.org\/#organization"},"potentialAction":[{"@type":"SearchAction","target":{"@type":"EntryPoint","urlTemplate":"https:\/\/ma-mam.org\/?s={search_term_string}"},"query-input":{"@type":"PropertyValueSpecification","valueRequired":true,"valueName":"search_term_string"}}],"inLanguage":"fr-FR"},{"@type":"Organization","@id":"https:\/\/ma-mam.org\/#organization","name":"Ma'Mam","url":"https:\/\/ma-mam.org\/","logo":{"@type":"ImageObject","inLanguage":"fr-FR","@id":"https:\/\/ma-mam.org\/#\/schema\/logo\/image\/","url":"https:\/\/ma-mam.org\/wp-content\/uploads\/2024\/02\/cropped-Logo.transparent_final.png","contentUrl":"https:\/\/ma-mam.org\/wp-content\/uploads\/2024\/02\/cropped-Logo.transparent_final.png","width":2048,"height":2048,"caption":"Ma'Mam"},"image":{"@id":"https:\/\/ma-mam.org\/#\/schema\/logo\/image\/"},"sameAs":["https:\/\/www.facebook.com\/profile.php?id=61557244432808"]}]}},"_links":{"self":[{"href":"https:\/\/ma-mam.org\/index.php\/wp-json\/wp\/v2\/pages\/299","targetHints":{"allow":["GET"]}}],"collection":[{"href":"https:\/\/ma-mam.org\/index.php\/wp-json\/wp\/v2\/pages"}],"about":[{"href":"https:\/\/ma-mam.org\/index.php\/wp-json\/wp\/v2\/types\/page"}],"author":[{"embeddable":true,"href":"https:\/\/ma-mam.org\/index.php\/wp-json\/wp\/v2\/users\/1"}],"replies":[{"embeddable":true,"href":"https:\/\/ma-mam.org\/index.php\/wp-json\/wp\/v2\/comments?post=299"}],"version-history":[{"count":4,"href":"https:\/\/ma-mam.org\/index.php\/wp-json\/wp\/v2\/pages\/299\/revisions"}],"predecessor-version":[{"id":341,"href":"https:\/\/ma-mam.org\/index.php\/wp-json\/wp\/v2\/pages\/299\/revisions\/341"}],"up":[{"embeddable":true,"href":"https:\/\/ma-mam.org\/index.php\/wp-json\/wp\/v2\/pages\/287"}],"wp:attachment":[{"href":"https:\/\/ma-mam.org\/index.php\/wp-json\/wp\/v2\/media?parent=299"}],"curies":[{"name":"wp","href":"https:\/\/api.w.org\/{rel}","templated":true}]}}