{"id":11,"date":"2023-10-06T16:26:53","date_gmt":"2023-10-06T14:26:53","guid":{"rendered":"https:\/\/ma-mam.org\/?page_id=11"},"modified":"2026-02-13T14:07:51","modified_gmt":"2026-02-13T13:07:51","slug":"page-de-contact","status":"publish","type":"page","link":"https:\/\/ma-mam.org\/index.php\/page-de-contact\/","title":{"rendered":"Page de contact"},"content":{"rendered":"\n<div class=\"wpcf7 no-js\" id=\"wpcf7-f10-o1\" lang=\"fr-FR\" dir=\"ltr\" data-wpcf7-id=\"10\">\n<div class=\"screen-reader-response\"><p role=\"status\" aria-live=\"polite\" aria-atomic=\"true\"><\/p> <ul><\/ul><\/div>\n<form action=\"\/index.php\/wp-json\/wp\/v2\/pages\/11#wpcf7-f10-o1\" method=\"post\" class=\"wpcf7-form init\" aria-label=\"Formulaire de contact\" novalidate=\"novalidate\" data-status=\"init\">\n<fieldset class=\"hidden-fields-container\"><input type=\"hidden\" name=\"_wpcf7\" value=\"10\" \/><input type=\"hidden\" name=\"_wpcf7_version\" value=\"6.1.5\" \/><input type=\"hidden\" name=\"_wpcf7_locale\" value=\"fr_FR\" \/><input type=\"hidden\" name=\"_wpcf7_unit_tag\" value=\"wpcf7-f10-o1\" \/><input type=\"hidden\" name=\"_wpcf7_container_post\" value=\"0\" \/><input type=\"hidden\" name=\"_wpcf7_posted_data_hash\" value=\"\" \/><input type=\"hidden\" name=\"_wpcf7_recaptcha_response\" value=\"\" \/>\n<\/fieldset>\n<p><LABEL><U> Renseignement concernant votre enfant : <\/u><\/label>\n<\/p>\n<p><LABEL>Nom <span class=\"wpcf7-form-control-wrap\" data-name=\"child-name\"><input size=\"40\" maxlength=\"400\" class=\"wpcf7-form-control wpcf7-text\" aria-invalid=\"false\" value=\"\" type=\"text\" name=\"child-name\" \/><\/span><\/label><br \/>\n<LABEL>Pr\u00e9nom <span class=\"wpcf7-form-control-wrap\" data-name=\"child-firstname\"><input size=\"40\" maxlength=\"400\" class=\"wpcf7-form-control wpcf7-text\" aria-invalid=\"false\" value=\"\" type=\"text\" name=\"child-firstname\" \/><\/span><\/label><br \/>\n<LABEL>N\u00e9(e) le ou date pr\u00e9visionnelle de naissance <span class=\"wpcf7-form-control-wrap\" data-name=\"date-naissance\"><input class=\"wpcf7-form-control wpcf7-date wpcf7-validates-as-required wpcf7-validates-as-date\" min=\"2022-01-01\" aria-required=\"true\" aria-invalid=\"false\" value=\"\" type=\"date\" name=\"date-naissance\" \/><\/span><\/label><br \/>\n<LABEL>Sexe<br \/>\n<span class=\"wpcf7-form-control-wrap\" data-name=\"radio-sex\"><span class=\"wpcf7-form-control wpcf7-radio\"><span class=\"wpcf7-list-item first\"><label><input type=\"radio\" name=\"radio-sex\" value=\"Gar\u00e7on\" \/><span class=\"wpcf7-list-item-label\">Gar\u00e7on<\/span><\/label><\/span><span class=\"wpcf7-list-item\"><label><input type=\"radio\" name=\"radio-sex\" value=\"Fille\" \/><span class=\"wpcf7-list-item-label\">Fille<\/span><\/label><\/span><span class=\"wpcf7-list-item last\"><label><input type=\"radio\" name=\"radio-sex\" value=\"Pas encore connu\" \/><span class=\"wpcf7-list-item-label\">Pas encore connu<\/span><\/label><\/span><\/span><\/span><\/label><br \/>\n<LABEL>Mode de garde actuel <span class=\"wpcf7-form-control-wrap\" data-name=\"child-care\"><input size=\"40\" maxlength=\"400\" class=\"wpcf7-form-control wpcf7-text\" aria-invalid=\"false\" value=\"\" type=\"text\" name=\"child-care\" \/><\/span><\/label><br \/>\n<LABEL>Nombre de fr\u00e8res et soeurs <span class=\"wpcf7-form-control-wrap\" data-name=\"number-brothers\"><input class=\"wpcf7-form-control wpcf7-number wpcf7-validates-as-number\" min=\"0\" max=\"10\" aria-invalid=\"false\" value=\"\" type=\"number\" name=\"number-brothers\" \/><\/span><\/label>\n<\/p>\n<p><LABEL><U>Coordon\u00e9es et renseignements concernant les parents:<\/u><\/label>\n<\/p>\n<TABLE>\n\t<TR>\n\t\t<TD>\n\t\t\t<p><LABEL>M\u00e8re : <\/label>\n\t\t\t<\/p>\n\t\t<\/td>\n\t\t<TD>\n\t\t\t<p><LABEL>P\u00e8re : <\/label>\n\t\t\t<\/p>\n\t\t<\/td>\n\t<\/tr>\n\t<TR>\n\t\t<TD>\n\t\t\t<p><LABEL> Nom <span class=\"wpcf7-form-control-wrap\" data-name=\"mother-name\"><input size=\"40\" maxlength=\"400\" class=\"wpcf7-form-control wpcf7-text\" autocomplete=\"name\" aria-invalid=\"false\" value=\"\" type=\"text\" name=\"mother-name\" \/><\/span> <\/label><br \/>\n<LABEL> Pr\u00e9nom <span class=\"wpcf7-form-control-wrap\" data-name=\"mother-firstname\"><input size=\"40\" maxlength=\"400\" class=\"wpcf7-form-control wpcf7-text\" aria-invalid=\"false\" value=\"\" type=\"text\" name=\"mother-firstname\" \/><\/span> <\/label><br \/>\n<LABEL> Adresse <span class=\"wpcf7-form-control-wrap\" data-name=\"mother-address\"><input size=\"40\" maxlength=\"400\" class=\"wpcf7-form-control wpcf7-text\" aria-invalid=\"false\" value=\"\" type=\"text\" name=\"mother-address\" \/><\/span> <\/label><br \/>\n<LABEL> T\u00e9l\u00e9phone <span class=\"wpcf7-form-control-wrap\" data-name=\"mother-phone\"><input size=\"40\" maxlength=\"400\" class=\"wpcf7-form-control wpcf7-tel wpcf7-validates-as-required wpcf7-text wpcf7-validates-as-tel\" aria-required=\"true\" aria-invalid=\"false\" value=\"\" type=\"tel\" name=\"mother-phone\" \/><\/span> <\/label><br \/>\n<LABEL> Profession <span class=\"wpcf7-form-control-wrap\" data-name=\"mother-job\"><input size=\"40\" maxlength=\"400\" class=\"wpcf7-form-control wpcf7-text\" aria-invalid=\"false\" value=\"\" type=\"text\" name=\"mother-job\" \/><\/span> <\/label><br \/>\n<LABEL> Situation familiale <span class=\"wpcf7-form-control-wrap\" data-name=\"mother-family\"><input size=\"40\" maxlength=\"400\" class=\"wpcf7-form-control wpcf7-text\" aria-invalid=\"false\" value=\"\" type=\"text\" name=\"mother-family\" \/><\/span> <\/label>\n\t\t\t<\/p>\n\t\t<\/td>\n\t\t<TD>\n\t\t\t<p><LABEL> Nom <span class=\"wpcf7-form-control-wrap\" data-name=\"father-name\"><input size=\"40\" maxlength=\"400\" class=\"wpcf7-form-control wpcf7-text wpcf7-validates-as-required\" autocomplete=\"name\" aria-required=\"true\" aria-invalid=\"false\" value=\"\" type=\"text\" name=\"father-name\" \/><\/span> <\/label><br \/>\n<LABEL> Pr\u00e9nom <span class=\"wpcf7-form-control-wrap\" data-name=\"father-firstname\"><input size=\"40\" maxlength=\"400\" class=\"wpcf7-form-control wpcf7-text\" aria-invalid=\"false\" value=\"\" type=\"text\" name=\"father-firstname\" \/><\/span> <\/label><br \/>\n<LABEL> Adresse <span class=\"wpcf7-form-control-wrap\" data-name=\"father-address\"><input size=\"40\" maxlength=\"400\" class=\"wpcf7-form-control wpcf7-text\" aria-invalid=\"false\" value=\"\" type=\"text\" name=\"father-address\" \/><\/span> <\/label><br \/>\n<LABEL> T\u00e9l\u00e9phone <span class=\"wpcf7-form-control-wrap\" data-name=\"father-phone\"><input size=\"40\" maxlength=\"400\" class=\"wpcf7-form-control wpcf7-tel wpcf7-validates-as-required wpcf7-text wpcf7-validates-as-tel\" aria-required=\"true\" aria-invalid=\"false\" value=\"\" type=\"tel\" name=\"father-phone\" \/><\/span> <\/label><br \/>\n<LABEL> Profession <span class=\"wpcf7-form-control-wrap\" data-name=\"father-job\"><input size=\"40\" maxlength=\"400\" class=\"wpcf7-form-control wpcf7-text\" aria-invalid=\"false\" value=\"\" type=\"text\" name=\"father-job\" \/><\/span> <\/label><br \/>\n<LABEL> Situation familiale <span class=\"wpcf7-form-control-wrap\" data-name=\"father-family\"><input size=\"40\" maxlength=\"400\" class=\"wpcf7-form-control wpcf7-text\" aria-invalid=\"false\" value=\"\" type=\"text\" name=\"father-family\" \/><\/span> <\/label>\n\t\t\t<\/p>\n\t\t<\/td>\n\t<\/tr>\n<\/table>\n<p><LABEL><U>Calendrier pr\u00e9visionnel d'accueil de votre enfant :<\/u><\/label><br \/>\n<LABEL>Date d'accueil souhait\u00e9e : <span class=\"wpcf7-form-control-wrap\" data-name=\"date-desired\"><input class=\"wpcf7-form-control wpcf7-date wpcf7-validates-as-date\" min=\"2024-09-01\" aria-invalid=\"false\" value=\"\" type=\"date\" name=\"date-desired\" \/><\/span><\/label><br \/>\n<LABEL>Nombre de jours de garde par semaine :\n\t\t<FONT COLOR=\"#db0073\">Nous ne travaillons pas les mercredis\n\t\t<\/font><br \/>\n<span class=\"wpcf7-form-control-wrap\" data-name=\"radio-days\"><span class=\"wpcf7-form-control wpcf7-radio\"><span class=\"wpcf7-list-item first\"><label><input type=\"radio\" name=\"radio-days\" value=\"1 jour\" \/><span class=\"wpcf7-list-item-label\">1 jour<\/span><\/label><\/span><span class=\"wpcf7-list-item\"><label><input type=\"radio\" name=\"radio-days\" value=\"2 jours\" \/><span class=\"wpcf7-list-item-label\">2 jours<\/span><\/label><\/span><span class=\"wpcf7-list-item\"><label><input type=\"radio\" name=\"radio-days\" value=\"3 jours\" \/><span class=\"wpcf7-list-item-label\">3 jours<\/span><\/label><\/span><span class=\"wpcf7-list-item last\"><label><input type=\"radio\" name=\"radio-days\" value=\"4 jours\" \/><span class=\"wpcf7-list-item-label\">4 jours<\/span><\/label><\/span><\/span><\/span><\/label><br \/>\n<LABEL>Nombre d'heures de garde par jours:<br \/>\n<span class=\"wpcf7-form-control-wrap\" data-name=\"radio-hours\"><span class=\"wpcf7-form-control wpcf7-radio\"><span class=\"wpcf7-list-item first\"><label><input type=\"radio\" name=\"radio-hours\" value=\"6 heures\" \/><span class=\"wpcf7-list-item-label\">6 heures<\/span><\/label><\/span><span class=\"wpcf7-list-item\"><label><input type=\"radio\" name=\"radio-hours\" value=\"7 heures\" \/><span class=\"wpcf7-list-item-label\">7 heures<\/span><\/label><\/span><span class=\"wpcf7-list-item\"><label><input type=\"radio\" name=\"radio-hours\" value=\"8 heures\" \/><span class=\"wpcf7-list-item-label\">8 heures<\/span><\/label><\/span><span class=\"wpcf7-list-item\"><label><input type=\"radio\" name=\"radio-hours\" value=\"9 heures\" \/><span class=\"wpcf7-list-item-label\">9 heures<\/span><\/label><\/span><span class=\"wpcf7-list-item last\"><label><input type=\"radio\" name=\"radio-hours\" value=\"10 heures\" \/><span class=\"wpcf7-list-item-label\">10 heures<\/span><\/label><\/span><\/span><\/span><\/label><br \/>\n<LABEL>Nombre de semaines de garde \u00e0 l'ann\u00e9e :\n\t\t<FONT COLOR=\"#db0073\">Nous travaillons 44 semaines\n\t\t<\/font><br \/>\n<span class=\"wpcf7-form-control-wrap\" data-name=\"radio-weeks\"><span class=\"wpcf7-form-control wpcf7-radio\"><span class=\"wpcf7-list-item first\"><label><input type=\"radio\" name=\"radio-weeks\" value=\"Moins de 44 semaines\" \/><span class=\"wpcf7-list-item-label\">Moins de 44 semaines<\/span><\/label><\/span><span class=\"wpcf7-list-item\"><label><input type=\"radio\" name=\"radio-weeks\" value=\"44 semaines\" \/><span class=\"wpcf7-list-item-label\">44 semaines<\/span><\/label><\/span><span class=\"wpcf7-list-item last\"><label><input type=\"radio\" name=\"radio-weeks\" value=\"Ne sais pas encore\" \/><span class=\"wpcf7-list-item-label\">Ne sais pas encore<\/span><\/label><\/span><\/span><\/span><\/label><br \/>\n<LABEL>Merci de d\u00e9tailler vos besoins compl\u00e9mentaires : <span class=\"wpcf7-form-control-wrap\" data-name=\"textarea-message\"><textarea cols=\"40\" rows=\"10\" maxlength=\"2000\" class=\"wpcf7-form-control wpcf7-textarea\" aria-invalid=\"false\" name=\"textarea-message\"><\/textarea><\/span><\/label><br \/>\n<LABEL>Votre e-mail : <span class=\"wpcf7-form-control-wrap\" data-name=\"your-email\"><input size=\"40\" maxlength=\"400\" class=\"wpcf7-form-control wpcf7-email wpcf7-validates-as-required wpcf7-text wpcf7-validates-as-email\" aria-required=\"true\" aria-invalid=\"false\" value=\"\" type=\"email\" name=\"your-email\" \/><\/span><\/label><br \/>\n<span class=\"wpcf7-form-control-wrap\" data-name=\"acceptance-RGPD\"><span class=\"wpcf7-form-control wpcf7-acceptance\"><span class=\"wpcf7-list-item\"><label><input type=\"checkbox\" name=\"acceptance-RGPD\" value=\"1\" aria-invalid=\"false\" \/><span class=\"wpcf7-list-item-label\">J'autorise l'association Ma'Mam \u00e0 traiter mes donne\u00e9s personnelles conform\u00e9ment au RGPD.<\/span><\/label><\/span><\/span><\/span>\n<\/p>\n<p><input class=\"wpcf7-form-control wpcf7-submit has-spinner\" type=\"submit\" value=\"ENVOYER\" \/>\n<\/p>\n<FONT COLOR=\"#db0073\">Note : Sans acceptation du traitement des donn\u00e9es personnelles, il n'est pas possible d'envoyer ce formulaire. Pour nous contacter :\n\t<p><a href=\"mailto:contact@ma-mam.org?subject=Demande de renseignements\">contact@ma-mam.org<\/a>\n\t<\/p>\n<\/font><div class=\"wpcf7-response-output\" aria-hidden=\"true\"><\/div>\n<\/form>\n<\/div>\n\n","protected":false},"excerpt":{"rendered":"","protected":false},"author":1,"featured_media":0,"parent":0,"menu_order":0,"comment_status":"closed","ping_status":"closed","template":"","meta":{"footnotes":""},"class_list":["post-11","page","type-page","status-publish","hentry"],"yoast_head":"<!-- This site is optimized with the Yoast SEO plugin v27.4 - https:\/\/yoast.com\/product\/yoast-seo-wordpress\/ -->\n<title>Page de contact - Ma&#039;Mam<\/title>\n<meta name=\"robots\" content=\"index, follow, max-snippet:-1, max-image-preview:large, max-video-preview:-1\" \/>\n<link rel=\"canonical\" href=\"https:\/\/ma-mam.org\/index.php\/page-de-contact\/\" \/>\n<meta property=\"og:locale\" content=\"fr_FR\" \/>\n<meta property=\"og:type\" content=\"article\" \/>\n<meta property=\"og:title\" content=\"Page de contact - Ma&#039;Mam\" \/>\n<meta property=\"og:url\" content=\"https:\/\/ma-mam.org\/index.php\/page-de-contact\/\" \/>\n<meta property=\"og:site_name\" content=\"Ma&#039;Mam\" \/>\n<meta property=\"article:publisher\" content=\"https:\/\/www.facebook.com\/profile.php?id=61557244432808\" \/>\n<meta property=\"article:modified_time\" content=\"2026-02-13T13:07:51+00:00\" \/>\n<meta property=\"og:image\" content=\"https:\/\/ma-mam.org\/wp-content\/uploads\/2024\/01\/LogoMaMam.png\" \/>\n\t<meta property=\"og:image:width\" content=\"2048\" \/>\n\t<meta property=\"og:image:height\" content=\"2048\" \/>\n\t<meta property=\"og:image:type\" content=\"image\/png\" \/>\n<meta name=\"twitter:card\" content=\"summary_large_image\" \/>\n<meta name=\"twitter:label1\" content=\"Dur\u00e9e de lecture estim\u00e9e\" \/>\n\t<meta name=\"twitter:data1\" content=\"1 minute\" \/>\n<script type=\"application\/ld+json\" class=\"yoast-schema-graph\">{\"@context\":\"https:\\\/\\\/schema.org\",\"@graph\":[{\"@type\":\"WebPage\",\"@id\":\"https:\\\/\\\/ma-mam.org\\\/index.php\\\/page-de-contact\\\/\",\"url\":\"https:\\\/\\\/ma-mam.org\\\/index.php\\\/page-de-contact\\\/\",\"name\":\"Page de contact - Ma&#039;Mam\",\"isPartOf\":{\"@id\":\"https:\\\/\\\/ma-mam.org\\\/#website\"},\"datePublished\":\"2023-10-06T14:26:53+00:00\",\"dateModified\":\"2026-02-13T13:07:51+00:00\",\"breadcrumb\":{\"@id\":\"https:\\\/\\\/ma-mam.org\\\/index.php\\\/page-de-contact\\\/#breadcrumb\"},\"inLanguage\":\"fr-FR\",\"potentialAction\":[{\"@type\":\"ReadAction\",\"target\":[\"https:\\\/\\\/ma-mam.org\\\/index.php\\\/page-de-contact\\\/\"]}]},{\"@type\":\"BreadcrumbList\",\"@id\":\"https:\\\/\\\/ma-mam.org\\\/index.php\\\/page-de-contact\\\/#breadcrumb\",\"itemListElement\":[{\"@type\":\"ListItem\",\"position\":1,\"name\":\"Accueil\",\"item\":\"https:\\\/\\\/ma-mam.org\\\/\"},{\"@type\":\"ListItem\",\"position\":2,\"name\":\"Page de contact\"}]},{\"@type\":\"WebSite\",\"@id\":\"https:\\\/\\\/ma-mam.org\\\/#website\",\"url\":\"https:\\\/\\\/ma-mam.org\\\/\",\"name\":\"Ma'Mam\",\"description\":\"Maison d&#039;Assistantes Maternelles\",\"publisher\":{\"@id\":\"https:\\\/\\\/ma-mam.org\\\/#organization\"},\"potentialAction\":[{\"@type\":\"SearchAction\",\"target\":{\"@type\":\"EntryPoint\",\"urlTemplate\":\"https:\\\/\\\/ma-mam.org\\\/?s={search_term_string}\"},\"query-input\":{\"@type\":\"PropertyValueSpecification\",\"valueRequired\":true,\"valueName\":\"search_term_string\"}}],\"inLanguage\":\"fr-FR\"},{\"@type\":\"Organization\",\"@id\":\"https:\\\/\\\/ma-mam.org\\\/#organization\",\"name\":\"Ma'Mam\",\"url\":\"https:\\\/\\\/ma-mam.org\\\/\",\"logo\":{\"@type\":\"ImageObject\",\"inLanguage\":\"fr-FR\",\"@id\":\"https:\\\/\\\/ma-mam.org\\\/#\\\/schema\\\/logo\\\/image\\\/\",\"url\":\"https:\\\/\\\/ma-mam.org\\\/wp-content\\\/uploads\\\/2024\\\/02\\\/cropped-Logo.transparent_final.png\",\"contentUrl\":\"https:\\\/\\\/ma-mam.org\\\/wp-content\\\/uploads\\\/2024\\\/02\\\/cropped-Logo.transparent_final.png\",\"width\":2048,\"height\":2048,\"caption\":\"Ma'Mam\"},\"image\":{\"@id\":\"https:\\\/\\\/ma-mam.org\\\/#\\\/schema\\\/logo\\\/image\\\/\"},\"sameAs\":[\"https:\\\/\\\/www.facebook.com\\\/profile.php?id=61557244432808\"]}]}<\/script>\n<!-- \/ Yoast SEO plugin. -->","yoast_head_json":{"title":"Page de contact - Ma&#039;Mam","robots":{"index":"index","follow":"follow","max-snippet":"max-snippet:-1","max-image-preview":"max-image-preview:large","max-video-preview":"max-video-preview:-1"},"canonical":"https:\/\/ma-mam.org\/index.php\/page-de-contact\/","og_locale":"fr_FR","og_type":"article","og_title":"Page de contact - Ma&#039;Mam","og_url":"https:\/\/ma-mam.org\/index.php\/page-de-contact\/","og_site_name":"Ma&#039;Mam","article_publisher":"https:\/\/www.facebook.com\/profile.php?id=61557244432808","article_modified_time":"2026-02-13T13:07:51+00:00","og_image":[{"width":2048,"height":2048,"url":"https:\/\/ma-mam.org\/wp-content\/uploads\/2024\/01\/LogoMaMam.png","type":"image\/png"}],"twitter_card":"summary_large_image","twitter_misc":{"Dur\u00e9e de lecture estim\u00e9e":"1 minute"},"schema":{"@context":"https:\/\/schema.org","@graph":[{"@type":"WebPage","@id":"https:\/\/ma-mam.org\/index.php\/page-de-contact\/","url":"https:\/\/ma-mam.org\/index.php\/page-de-contact\/","name":"Page de contact - Ma&#039;Mam","isPartOf":{"@id":"https:\/\/ma-mam.org\/#website"},"datePublished":"2023-10-06T14:26:53+00:00","dateModified":"2026-02-13T13:07:51+00:00","breadcrumb":{"@id":"https:\/\/ma-mam.org\/index.php\/page-de-contact\/#breadcrumb"},"inLanguage":"fr-FR","potentialAction":[{"@type":"ReadAction","target":["https:\/\/ma-mam.org\/index.php\/page-de-contact\/"]}]},{"@type":"BreadcrumbList","@id":"https:\/\/ma-mam.org\/index.php\/page-de-contact\/#breadcrumb","itemListElement":[{"@type":"ListItem","position":1,"name":"Accueil","item":"https:\/\/ma-mam.org\/"},{"@type":"ListItem","position":2,"name":"Page de contact"}]},{"@type":"WebSite","@id":"https:\/\/ma-mam.org\/#website","url":"https:\/\/ma-mam.org\/","name":"Ma'Mam","description":"Maison d&#039;Assistantes Maternelles","publisher":{"@id":"https:\/\/ma-mam.org\/#organization"},"potentialAction":[{"@type":"SearchAction","target":{"@type":"EntryPoint","urlTemplate":"https:\/\/ma-mam.org\/?s={search_term_string}"},"query-input":{"@type":"PropertyValueSpecification","valueRequired":true,"valueName":"search_term_string"}}],"inLanguage":"fr-FR"},{"@type":"Organization","@id":"https:\/\/ma-mam.org\/#organization","name":"Ma'Mam","url":"https:\/\/ma-mam.org\/","logo":{"@type":"ImageObject","inLanguage":"fr-FR","@id":"https:\/\/ma-mam.org\/#\/schema\/logo\/image\/","url":"https:\/\/ma-mam.org\/wp-content\/uploads\/2024\/02\/cropped-Logo.transparent_final.png","contentUrl":"https:\/\/ma-mam.org\/wp-content\/uploads\/2024\/02\/cropped-Logo.transparent_final.png","width":2048,"height":2048,"caption":"Ma'Mam"},"image":{"@id":"https:\/\/ma-mam.org\/#\/schema\/logo\/image\/"},"sameAs":["https:\/\/www.facebook.com\/profile.php?id=61557244432808"]}]}},"_links":{"self":[{"href":"https:\/\/ma-mam.org\/index.php\/wp-json\/wp\/v2\/pages\/11","targetHints":{"allow":["GET"]}}],"collection":[{"href":"https:\/\/ma-mam.org\/index.php\/wp-json\/wp\/v2\/pages"}],"about":[{"href":"https:\/\/ma-mam.org\/index.php\/wp-json\/wp\/v2\/types\/page"}],"author":[{"embeddable":true,"href":"https:\/\/ma-mam.org\/index.php\/wp-json\/wp\/v2\/users\/1"}],"replies":[{"embeddable":true,"href":"https:\/\/ma-mam.org\/index.php\/wp-json\/wp\/v2\/comments?post=11"}],"version-history":[{"count":4,"href":"https:\/\/ma-mam.org\/index.php\/wp-json\/wp\/v2\/pages\/11\/revisions"}],"predecessor-version":[{"id":15,"href":"https:\/\/ma-mam.org\/index.php\/wp-json\/wp\/v2\/pages\/11\/revisions\/15"}],"wp:attachment":[{"href":"https:\/\/ma-mam.org\/index.php\/wp-json\/wp\/v2\/media?parent=11"}],"curies":[{"name":"wp","href":"https:\/\/api.w.org\/{rel}","templated":true}]}}